{"id":26368,"date":"2025-04-07T14:19:03","date_gmt":"2025-04-07T14:19:03","guid":{"rendered":"http:\/\/biocontroltechnologies.com\/?page_id=26368"},"modified":"2026-02-09T12:34:22","modified_gmt":"2026-02-09T11:34:22","slug":"rgpd-form","status":"publish","type":"page","link":"https:\/\/biocontroltechnologies.com\/de\/rgpd-form\/","title":{"rendered":"RGPD Form"},"content":{"rendered":"\t\t<div data-elementor-type=\"wp-page\" data-elementor-id=\"26368\" class=\"elementor elementor-26368\" data-elementor-post-type=\"page\">\n\t\t\t\t\t\t<section class=\"elementor-section elementor-top-section elementor-element elementor-element-5041a023 elementor-section-boxed elementor-section-height-default elementor-section-height-default\" data-id=\"5041a023\" data-element_type=\"section\" data-e-type=\"section\">\n\t\t\t\t\t\t<div class=\"elementor-container elementor-column-gap-default\">\n\t\t\t\t\t<div class=\"elementor-column elementor-col-100 elementor-top-column elementor-element elementor-element-6a4e98a5\" data-id=\"6a4e98a5\" data-element_type=\"column\" data-e-type=\"column\">\n\t\t\t<div class=\"elementor-widget-wrap elementor-element-populated\">\n\t\t\t\t\t\t<div class=\"elementor-element elementor-element-836b578 elementor-widget elementor-widget-image\" data-id=\"836b578\" data-element_type=\"widget\" data-e-type=\"widget\" data-widget_type=\"image.default\">\n\t\t\t\t\t\t\t\t\t\t\t\t\t\t\t<img fetchpriority=\"high\" decoding=\"async\" width=\"300\" height=\"300\" src=\"https:\/\/biocontroltechnologies.com\/wp-content\/uploads\/2024\/10\/ROOTDEI-PROFILE.png\" class=\"elementor-animation-grow-rotate attachment-full size-full wp-image-23093\" alt=\"\" srcset=\"https:\/\/biocontroltechnologies.com\/wp-content\/uploads\/2024\/10\/ROOTDEI-PROFILE.png 300w, https:\/\/biocontroltechnologies.com\/wp-content\/uploads\/2024\/10\/ROOTDEI-PROFILE-150x150.png 150w, https:\/\/biocontroltechnologies.com\/wp-content\/uploads\/2024\/10\/ROOTDEI-PROFILE-100x100.png 100w\" sizes=\"(max-width: 300px) 100vw, 300px\" \/>\t\t\t\t\t\t\t\t\t\t\t\t\t\t\t<\/div>\n\t\t\t\t<div class=\"elementor-element elementor-element-3a393ff0 elementor-shape-rounded elementor-grid-0 e-grid-align-center elementor-widget elementor-widget-social-icons\" data-id=\"3a393ff0\" data-element_type=\"widget\" data-e-type=\"widget\" data-widget_type=\"social-icons.default\">\n\t\t\t\t\t\t\t<div class=\"elementor-social-icons-wrapper elementor-grid\" role=\"list\">\n\t\t\t\t\t\t\t<span class=\"elementor-grid-item\" role=\"listitem\">\n\t\t\t\t\t<a class=\"elementor-icon elementor-social-icon elementor-social-icon-facebook-f elementor-animation-grow elementor-repeater-item-1fba67d\" href=\"https:\/\/www.facebook.com\/rootdeibiocontrol\" target=\"_blank\">\n\t\t\t\t\t\t<span class=\"elementor-screen-only\">Facebook-f<\/span>\n\t\t\t\t\t\t<svg aria-hidden=\"true\" class=\"e-font-icon-svg e-fab-facebook-f\" viewBox=\"0 0 320 512\" xmlns=\"http:\/\/www.w3.org\/2000\/svg\"><path d=\"M279.14 288l14.22-92.66h-88.91v-60.13c0-25.35 12.42-50.06 52.24-50.06h40.42V6.26S260.43 0 225.36 0c-73.22 0-121.08 44.38-121.08 124.72v70.62H22.89V288h81.39v224h100.17V288z\"><\/path><\/svg>\t\t\t\t\t<\/a>\n\t\t\t\t<\/span>\n\t\t\t\t\t\t\t<span class=\"elementor-grid-item\" role=\"listitem\">\n\t\t\t\t\t<a class=\"elementor-icon elementor-social-icon elementor-social-icon-instagram elementor-animation-grow elementor-repeater-item-49a6f4e\" href=\"https:\/\/www.instagram.com\/rootdei_biocontrol\/reels\/\" target=\"_blank\">\n\t\t\t\t\t\t<span class=\"elementor-screen-only\">Instagram<\/span>\n\t\t\t\t\t\t<svg aria-hidden=\"true\" class=\"e-font-icon-svg e-fab-instagram\" viewBox=\"0 0 448 512\" xmlns=\"http:\/\/www.w3.org\/2000\/svg\"><path d=\"M224.1 141c-63.6 0-114.9 51.3-114.9 114.9s51.3 114.9 114.9 114.9S339 319.5 339 255.9 287.7 141 224.1 141zm0 189.6c-41.1 0-74.7-33.5-74.7-74.7s33.5-74.7 74.7-74.7 74.7 33.5 74.7 74.7-33.6 74.7-74.7 74.7zm146.4-194.3c0 14.9-12 26.8-26.8 26.8-14.9 0-26.8-12-26.8-26.8s12-26.8 26.8-26.8 26.8 12 26.8 26.8zm76.1 27.2c-1.7-35.9-9.9-67.7-36.2-93.9-26.2-26.2-58-34.4-93.9-36.2-37-2.1-147.9-2.1-184.9 0-35.8 1.7-67.6 9.9-93.9 36.1s-34.4 58-36.2 93.9c-2.1 37-2.1 147.9 0 184.9 1.7 35.9 9.9 67.7 36.2 93.9s58 34.4 93.9 36.2c37 2.1 147.9 2.1 184.9 0 35.9-1.7 67.7-9.9 93.9-36.2 26.2-26.2 34.4-58 36.2-93.9 2.1-37 2.1-147.8 0-184.8zM398.8 388c-7.8 19.6-22.9 34.7-42.6 42.6-29.5 11.7-99.5 9-132.1 9s-102.7 2.6-132.1-9c-19.6-7.8-34.7-22.9-42.6-42.6-11.7-29.5-9-99.5-9-132.1s-2.6-102.7 9-132.1c7.8-19.6 22.9-34.7 42.6-42.6 29.5-11.7 99.5-9 132.1-9s102.7-2.6 132.1 9c19.6 7.8 34.7 22.9 42.6 42.6 11.7 29.5 9 99.5 9 132.1s2.7 102.7-9 132.1z\"><\/path><\/svg>\t\t\t\t\t<\/a>\n\t\t\t\t<\/span>\n\t\t\t\t\t\t\t<span class=\"elementor-grid-item\" role=\"listitem\">\n\t\t\t\t\t<a class=\"elementor-icon elementor-social-icon elementor-social-icon-linkedin elementor-animation-grow elementor-repeater-item-f9e15e6\" href=\"https:\/\/es.linkedin.com\/company\/biocontroltech\" target=\"_blank\">\n\t\t\t\t\t\t<span class=\"elementor-screen-only\">Linkedin<\/span>\n\t\t\t\t\t\t<svg aria-hidden=\"true\" class=\"e-font-icon-svg e-fab-linkedin\" viewBox=\"0 0 448 512\" xmlns=\"http:\/\/www.w3.org\/2000\/svg\"><path d=\"M416 32H31.9C14.3 32 0 46.5 0 64.3v383.4C0 465.5 14.3 480 31.9 480H416c17.6 0 32-14.5 32-32.3V64.3c0-17.8-14.4-32.3-32-32.3zM135.4 416H69V202.2h66.5V416zm-33.2-243c-21.3 0-38.5-17.3-38.5-38.5S80.9 96 102.2 96c21.2 0 38.5 17.3 38.5 38.5 0 21.3-17.2 38.5-38.5 38.5zm282.1 243h-66.4V312c0-24.8-.5-56.7-34.5-56.7-34.6 0-39.9 27-39.9 54.9V416h-66.4V202.2h63.7v29.2h.9c8.9-16.8 30.6-34.5 62.9-34.5 67.2 0 79.7 44.3 79.7 101.9V416z\"><\/path><\/svg>\t\t\t\t\t<\/a>\n\t\t\t\t<\/span>\n\t\t\t\t\t<\/div>\n\t\t\t\t\t\t<\/div>\n\t\t\t\t\t<\/div>\n\t\t<\/div>\n\t\t\t\t\t<\/div>\n\t\t<\/section>\n\t\t\t\t<section class=\"elementor-section elementor-top-section elementor-element elementor-element-fa1c320 elementor-section-boxed elementor-section-height-default elementor-section-height-default\" data-id=\"fa1c320\" data-element_type=\"section\" data-e-type=\"section\">\n\t\t\t\t\t\t<div class=\"elementor-container elementor-column-gap-default\">\n\t\t\t\t\t<div class=\"elementor-column elementor-col-100 elementor-top-column elementor-element elementor-element-8fde5f6\" data-id=\"8fde5f6\" data-element_type=\"column\" data-e-type=\"column\">\n\t\t\t<div class=\"elementor-widget-wrap elementor-element-populated\">\n\t\t\t\t\t\t<div class=\"elementor-element elementor-element-03d09da elementor-widget elementor-widget-heading\" data-id=\"03d09da\" data-element_type=\"widget\" data-e-type=\"widget\" data-widget_type=\"heading.default\">\n\t\t\t\t\t<h1 class=\"elementor-heading-title elementor-size-default\">Keine weiteren Informationen erhalten<\/h1>\t\t\t\t<\/div>\n\t\t\t\t<div class=\"elementor-element elementor-element-76a6903 elementor-widget elementor-widget-text-editor\" data-id=\"76a6903\" data-element_type=\"widget\" data-e-type=\"widget\" data-widget_type=\"text-editor.default\">\n\t\t\t\t\t\t\t\t\t<p>M\u00f6chten Sie keine weiteren Informationen von Biocontrol Technologies erhalten?<br data-start=\"417\" data-end=\"420\" \/>Kein Problem \u2013 Sie k\u00f6nnen sich hier abmelden.<\/p>\t\t\t\t\t\t\t\t<\/div>\n\t\t\t\t\t<\/div>\n\t\t<\/div>\n\t\t\t\t\t<\/div>\n\t\t<\/section>\n\t\t\t\t<section class=\"elementor-section elementor-top-section elementor-element elementor-element-3694129 elementor-section-boxed elementor-section-height-default elementor-section-height-default\" data-id=\"3694129\" data-element_type=\"section\" data-e-type=\"section\">\n\t\t\t\t\t\t<div class=\"elementor-container elementor-column-gap-default\">\n\t\t\t\t\t<div class=\"elementor-column elementor-col-100 elementor-top-column elementor-element elementor-element-c50c2b7\" data-id=\"c50c2b7\" data-element_type=\"column\" data-e-type=\"column\">\n\t\t\t<div class=\"elementor-widget-wrap elementor-element-populated\">\n\t\t\t\t\t\t<div class=\"elementor-element elementor-element-273b149 elementor-widget elementor-widget-text-editor\" data-id=\"273b149\" data-element_type=\"widget\" data-e-type=\"widget\" data-widget_type=\"text-editor.default\">\n\t\t\t\t\t\t\t\t\t<p><em>Wir behandeln Ihre Daten gem\u00e4\u00df der Datenschutz-Grundverordnung (DSGVO). Weitere Informationen \u00fcber die Verarbeitung Ihrer Daten sowie Ihre Rechte finden Sie unter:<\/em><\/p>\t\t\t\t\t\t\t\t<\/div>\n\t\t\t\t<div class=\"elementor-element elementor-element-addf478 elementor-widget elementor-widget-text-editor\" data-id=\"addf478\" data-element_type=\"widget\" data-e-type=\"widget\" data-widget_type=\"text-editor.default\">\n\t\t\t\t\t\t\t\t\t<p>Nach dem Absenden Ihrer Entscheidung erhalten Sie keine weiteren Mitteilungen von uns. <strong>Bei Fragen oder zur Reaktivierung Ihrer Anmeldung k\u00f6nnen Sie uns jederzeit kontaktieren.<\/strong><\/p>\t\t\t\t\t\t\t\t<\/div>\n\t\t\t\t\t<\/div>\n\t\t<\/div>\n\t\t\t\t\t<\/div>\n\t\t<\/section>\n\t\t\t\t<\/div>\n\t\t","protected":false},"excerpt":{"rendered":"<p>Facebook-f Instagram Linkedin Keine weiteren Informationen erhalten M\u00f6chten Sie keine weiteren Informationen von Biocontrol Technologies erhalten?Kein Problem \u00e2\u20ac\u201c Sie k\u00f6nnen sich hier abmelden. Wir behandeln Ihre Daten gem\u00e4\u00c3\u0178 der Datenschutz-Grundverordnung (DSGVO). Weitere Informationen \u00fcber die Verarbeitung Ihrer Daten sowie Ihre Rechte finden Sie unter: Nach dem Absenden Ihrer Entscheidung erhalten Sie keine weiteren Mitteilungen von [&hellip;]<\/p>\n","protected":false},"author":4,"featured_media":0,"parent":0,"menu_order":0,"comment_status":"closed","ping_status":"closed","template":"","meta":{"footnotes":""},"class_list":["post-26368","page","type-page","status-publish","hentry"],"yoast_head":"<!-- This site is optimized with the Yoast SEO plugin v27.0 - https:\/\/yoast.com\/product\/yoast-seo-wordpress\/ -->\n<title>RGPD Form | Biocontrol Technologies<\/title>\n<meta name=\"robots\" content=\"index, follow, max-snippet:-1, max-image-preview:large, max-video-preview:-1\" \/>\n<link rel=\"canonical\" href=\"https:\/\/biocontroltechnologies.com\/de\/rgpd-form\/\" \/>\n<meta property=\"og:locale\" content=\"de_DE\" \/>\n<meta property=\"og:type\" content=\"article\" \/>\n<meta property=\"og:title\" content=\"RGPD Form | Biocontrol Technologies\" \/>\n<meta property=\"og:description\" content=\"Facebook-f Instagram Linkedin Keine weiteren Informationen erhalten M\u00f6chten Sie keine weiteren Informationen von Biocontrol Technologies erhalten?Kein Problem \u00e2\u20ac\u201c Sie k\u00f6nnen sich hier abmelden. Wir behandeln Ihre Daten gem\u00e4\u00c3\u0178 der Datenschutz-Grundverordnung (DSGVO). Weitere Informationen \u00fcber die Verarbeitung Ihrer Daten sowie Ihre Rechte finden Sie unter: Nach dem Absenden Ihrer Entscheidung erhalten Sie keine weiteren Mitteilungen von [&hellip;]\" \/>\n<meta property=\"og:url\" content=\"https:\/\/biocontroltechnologies.com\/de\/rgpd-form\/\" \/>\n<meta property=\"og:site_name\" content=\"Biocontrol Technologies\" \/>\n<meta property=\"article:modified_time\" content=\"2026-02-09T11:34:22+00:00\" \/>\n<meta property=\"og:image\" content=\"https:\/\/biocontroltechnologies.com\/wp-content\/uploads\/2024\/10\/ROOTDEI-PROFILE.png\" \/>\n\t<meta property=\"og:image:width\" content=\"300\" \/>\n\t<meta property=\"og:image:height\" content=\"300\" \/>\n\t<meta property=\"og:image:type\" content=\"image\/png\" \/>\n<meta name=\"twitter:card\" content=\"summary_large_image\" \/>\n<script type=\"application\/ld+json\" class=\"yoast-schema-graph\">{\"@context\":\"https:\/\/schema.org\",\"@graph\":[{\"@type\":\"WebPage\",\"@id\":\"https:\/\/biocontroltechnologies.com\/de\/rgpd-form\/\",\"url\":\"https:\/\/biocontroltechnologies.com\/de\/rgpd-form\/\",\"name\":\"RGPD Form | Biocontrol Technologies\",\"isPartOf\":{\"@id\":\"https:\/\/biocontroltechnologies.com\/de\/#website\"},\"primaryImageOfPage\":{\"@id\":\"https:\/\/biocontroltechnologies.com\/de\/rgpd-form\/#primaryimage\"},\"image\":{\"@id\":\"https:\/\/biocontroltechnologies.com\/de\/rgpd-form\/#primaryimage\"},\"thumbnailUrl\":\"https:\/\/biocontroltechnologies.com\/wp-content\/uploads\/2024\/10\/ROOTDEI-PROFILE.png\",\"datePublished\":\"2025-04-07T14:19:03+00:00\",\"dateModified\":\"2026-02-09T11:34:22+00:00\",\"breadcrumb\":{\"@id\":\"https:\/\/biocontroltechnologies.com\/de\/rgpd-form\/#breadcrumb\"},\"inLanguage\":\"de\",\"potentialAction\":[{\"@type\":\"ReadAction\",\"target\":[\"https:\/\/biocontroltechnologies.com\/de\/rgpd-form\/\"]}]},{\"@type\":\"ImageObject\",\"inLanguage\":\"de\",\"@id\":\"https:\/\/biocontroltechnologies.com\/de\/rgpd-form\/#primaryimage\",\"url\":\"https:\/\/biocontroltechnologies.com\/wp-content\/uploads\/2024\/10\/ROOTDEI-PROFILE.png\",\"contentUrl\":\"https:\/\/biocontroltechnologies.com\/wp-content\/uploads\/2024\/10\/ROOTDEI-PROFILE.png\"},{\"@type\":\"BreadcrumbList\",\"@id\":\"https:\/\/biocontroltechnologies.com\/de\/rgpd-form\/#breadcrumb\",\"itemListElement\":[{\"@type\":\"ListItem\",\"position\":1,\"name\":\"Portada\",\"item\":\"https:\/\/biocontroltechnologies.com\/de\/\"},{\"@type\":\"ListItem\",\"position\":2,\"name\":\"RGPD Form\"}]},{\"@type\":\"WebSite\",\"@id\":\"https:\/\/biocontroltechnologies.com\/de\/#website\",\"url\":\"https:\/\/biocontroltechnologies.com\/de\/\",\"name\":\"Biocontrol Technologies\",\"description\":\"Abordando las enfermedades para transformar la agricultura.\",\"alternateName\":\"Biocontrol Technologies\",\"potentialAction\":[{\"@type\":\"SearchAction\",\"target\":{\"@type\":\"EntryPoint\",\"urlTemplate\":\"https:\/\/biocontroltechnologies.com\/de\/?s={search_term_string}\"},\"query-input\":{\"@type\":\"PropertyValueSpecification\",\"valueRequired\":true,\"valueName\":\"search_term_string\"}}],\"inLanguage\":\"de\"}]}<\/script>\n<!-- \/ Yoast SEO plugin. -->","yoast_head_json":{"title":"RGPD Form | Biocontrol Technologies","robots":{"index":"index","follow":"follow","max-snippet":"max-snippet:-1","max-image-preview":"max-image-preview:large","max-video-preview":"max-video-preview:-1"},"canonical":"https:\/\/biocontroltechnologies.com\/de\/rgpd-form\/","og_locale":"de_DE","og_type":"article","og_title":"RGPD Form | Biocontrol Technologies","og_description":"Facebook-f Instagram Linkedin Keine weiteren Informationen erhalten M\u00f6chten Sie keine weiteren Informationen von Biocontrol Technologies erhalten?Kein Problem \u00e2\u20ac\u201c Sie k\u00f6nnen sich hier abmelden. Wir behandeln Ihre Daten gem\u00e4\u00c3\u0178 der Datenschutz-Grundverordnung (DSGVO). Weitere Informationen \u00fcber die Verarbeitung Ihrer Daten sowie Ihre Rechte finden Sie unter: Nach dem Absenden Ihrer Entscheidung erhalten Sie keine weiteren Mitteilungen von [&hellip;]","og_url":"https:\/\/biocontroltechnologies.com\/de\/rgpd-form\/","og_site_name":"Biocontrol Technologies","article_modified_time":"2026-02-09T11:34:22+00:00","og_image":[{"width":300,"height":300,"url":"https:\/\/biocontroltechnologies.com\/wp-content\/uploads\/2024\/10\/ROOTDEI-PROFILE.png","type":"image\/png"}],"twitter_card":"summary_large_image","schema":{"@context":"https:\/\/schema.org","@graph":[{"@type":"WebPage","@id":"https:\/\/biocontroltechnologies.com\/de\/rgpd-form\/","url":"https:\/\/biocontroltechnologies.com\/de\/rgpd-form\/","name":"RGPD Form | Biocontrol Technologies","isPartOf":{"@id":"https:\/\/biocontroltechnologies.com\/de\/#website"},"primaryImageOfPage":{"@id":"https:\/\/biocontroltechnologies.com\/de\/rgpd-form\/#primaryimage"},"image":{"@id":"https:\/\/biocontroltechnologies.com\/de\/rgpd-form\/#primaryimage"},"thumbnailUrl":"https:\/\/biocontroltechnologies.com\/wp-content\/uploads\/2024\/10\/ROOTDEI-PROFILE.png","datePublished":"2025-04-07T14:19:03+00:00","dateModified":"2026-02-09T11:34:22+00:00","breadcrumb":{"@id":"https:\/\/biocontroltechnologies.com\/de\/rgpd-form\/#breadcrumb"},"inLanguage":"de","potentialAction":[{"@type":"ReadAction","target":["https:\/\/biocontroltechnologies.com\/de\/rgpd-form\/"]}]},{"@type":"ImageObject","inLanguage":"de","@id":"https:\/\/biocontroltechnologies.com\/de\/rgpd-form\/#primaryimage","url":"https:\/\/biocontroltechnologies.com\/wp-content\/uploads\/2024\/10\/ROOTDEI-PROFILE.png","contentUrl":"https:\/\/biocontroltechnologies.com\/wp-content\/uploads\/2024\/10\/ROOTDEI-PROFILE.png"},{"@type":"BreadcrumbList","@id":"https:\/\/biocontroltechnologies.com\/de\/rgpd-form\/#breadcrumb","itemListElement":[{"@type":"ListItem","position":1,"name":"Portada","item":"https:\/\/biocontroltechnologies.com\/de\/"},{"@type":"ListItem","position":2,"name":"RGPD Form"}]},{"@type":"WebSite","@id":"https:\/\/biocontroltechnologies.com\/de\/#website","url":"https:\/\/biocontroltechnologies.com\/de\/","name":"Biocontrol Technologies","description":"Abordando las enfermedades para transformar la agricultura.","alternateName":"Biocontrol Technologies","potentialAction":[{"@type":"SearchAction","target":{"@type":"EntryPoint","urlTemplate":"https:\/\/biocontroltechnologies.com\/de\/?s={search_term_string}"},"query-input":{"@type":"PropertyValueSpecification","valueRequired":true,"valueName":"search_term_string"}}],"inLanguage":"de"}]}},"_links":{"self":[{"href":"https:\/\/biocontroltechnologies.com\/de\/wp-json\/wp\/v2\/pages\/26368","targetHints":{"allow":["GET"]}}],"collection":[{"href":"https:\/\/biocontroltechnologies.com\/de\/wp-json\/wp\/v2\/pages"}],"about":[{"href":"https:\/\/biocontroltechnologies.com\/de\/wp-json\/wp\/v2\/types\/page"}],"author":[{"embeddable":true,"href":"https:\/\/biocontroltechnologies.com\/de\/wp-json\/wp\/v2\/users\/4"}],"replies":[{"embeddable":true,"href":"https:\/\/biocontroltechnologies.com\/de\/wp-json\/wp\/v2\/comments?post=26368"}],"version-history":[{"count":1,"href":"https:\/\/biocontroltechnologies.com\/de\/wp-json\/wp\/v2\/pages\/26368\/revisions"}],"predecessor-version":[{"id":31584,"href":"https:\/\/biocontroltechnologies.com\/de\/wp-json\/wp\/v2\/pages\/26368\/revisions\/31584"}],"wp:attachment":[{"href":"https:\/\/biocontroltechnologies.com\/de\/wp-json\/wp\/v2\/media?parent=26368"}],"curies":[{"name":"wp","href":"https:\/\/api.w.org\/{rel}","templated":true}]}}